{"id":5338,"date":"2026-02-06T17:11:49","date_gmt":"2026-02-06T22:11:49","guid":{"rendered":"https:\/\/zonafranka.ec\/?post_type=product&#038;p=5338"},"modified":"2026-02-06T17:14:01","modified_gmt":"2026-02-06T22:14:01","slug":"asiento-ergonomico-de-bano-5","status":"publish","type":"product","link":"https:\/\/zonafranka.ec\/?product=asiento-ergonomico-de-bano-5","title":{"rendered":"Asiento ergon\u00f3mico de ba\u00f1o"},"content":{"rendered":"<p>ba\u00f1era antideslizante<\/p>\n<p>&nbsp;<\/p>\n<p><strong>C\u00f3digo:<\/strong> 7450210002661<\/p>\n","protected":false},"excerpt":{"rendered":"<p>ba\u00f1era antideslizante &nbsp; C\u00f3digo: 7450210002661<\/p>\n","protected":false},"featured_media":5339,"comment_status":"open","ping_status":"closed","template":"","meta":{"_eb_attr":""},"product_brand":[89],"product_cat":[156,165],"product_tag":[],"class_list":{"0":"post-5338","1":"product","2":"type-product","3":"status-publish","4":"has-post-thumbnail","6":"product_brand-genial","7":"product_cat-aseo-y-cuidado","8":"product_cat-asiento-ergonomico","10":"first","11":"instock","12":"sold-individually","13":"shipping-taxable","14":"purchasable","15":"product-type-simple"},"_links":{"self":[{"href":"https:\/\/zonafranka.ec\/index.php?rest_route=\/wp\/v2\/product\/5338","targetHints":{"allow":["GET"]}}],"collection":[{"href":"https:\/\/zonafranka.ec\/index.php?rest_route=\/wp\/v2\/product"}],"about":[{"href":"https:\/\/zonafranka.ec\/index.php?rest_route=\/wp\/v2\/types\/product"}],"replies":[{"embeddable":true,"href":"https:\/\/zonafranka.ec\/index.php?rest_route=%2Fwp%2Fv2%2Fcomments&post=5338"}],"wp:featuredmedia":[{"embeddable":true,"href":"https:\/\/zonafranka.ec\/index.php?rest_route=\/wp\/v2\/media\/5339"}],"wp:attachment":[{"href":"https:\/\/zonafranka.ec\/index.php?rest_route=%2Fwp%2Fv2%2Fmedia&parent=5338"}],"wp:term":[{"taxonomy":"product_brand","embeddable":true,"href":"https:\/\/zonafranka.ec\/index.php?rest_route=%2Fwp%2Fv2%2Fproduct_brand&post=5338"},{"taxonomy":"product_cat","embeddable":true,"href":"https:\/\/zonafranka.ec\/index.php?rest_route=%2Fwp%2Fv2%2Fproduct_cat&post=5338"},{"taxonomy":"product_tag","embeddable":true,"href":"https:\/\/zonafranka.ec\/index.php?rest_route=%2Fwp%2Fv2%2Fproduct_tag&post=5338"}],"curies":[{"name":"wp","href":"https:\/\/api.w.org\/{rel}","templated":true}]}}