{"id":5282,"date":"2026-02-06T11:57:55","date_gmt":"2026-02-06T16:57:55","guid":{"rendered":"https:\/\/zonafranka.ec\/?post_type=product&#038;p=5282"},"modified":"2026-02-06T12:00:10","modified_gmt":"2026-02-06T17:00:10","slug":"banera-plegable-ballenita","status":"publish","type":"product","link":"https:\/\/zonafranka.ec\/?product=banera-plegable-ballenita","title":{"rendered":"Ba\u00f1era Plegable Ballenita"},"content":{"rendered":"<p>Ba\u00f1era Ballenita con term\u00f3metro Azul<\/p>\n<p>&nbsp;<\/p>\n<p><strong>C\u00f3digo:<\/strong> TI0402AZ<\/p>\n","protected":false},"excerpt":{"rendered":"<p>Ba\u00f1era Ballenita con term\u00f3metro Azul &nbsp; C\u00f3digo: TI0402AZ<\/p>\n","protected":false},"featured_media":5283,"comment_status":"open","ping_status":"closed","template":"","meta":{"_eb_attr":""},"product_brand":[50],"product_cat":[159],"product_tag":[],"class_list":{"0":"post-5282","1":"product","2":"type-product","3":"status-publish","4":"has-post-thumbnail","6":"product_brand-miniland","7":"product_cat-banera","9":"first","10":"instock","11":"sold-individually","12":"shipping-taxable","13":"purchasable","14":"product-type-simple"},"_links":{"self":[{"href":"https:\/\/zonafranka.ec\/index.php?rest_route=\/wp\/v2\/product\/5282","targetHints":{"allow":["GET"]}}],"collection":[{"href":"https:\/\/zonafranka.ec\/index.php?rest_route=\/wp\/v2\/product"}],"about":[{"href":"https:\/\/zonafranka.ec\/index.php?rest_route=\/wp\/v2\/types\/product"}],"replies":[{"embeddable":true,"href":"https:\/\/zonafranka.ec\/index.php?rest_route=%2Fwp%2Fv2%2Fcomments&post=5282"}],"wp:featuredmedia":[{"embeddable":true,"href":"https:\/\/zonafranka.ec\/index.php?rest_route=\/wp\/v2\/media\/5283"}],"wp:attachment":[{"href":"https:\/\/zonafranka.ec\/index.php?rest_route=%2Fwp%2Fv2%2Fmedia&parent=5282"}],"wp:term":[{"taxonomy":"product_brand","embeddable":true,"href":"https:\/\/zonafranka.ec\/index.php?rest_route=%2Fwp%2Fv2%2Fproduct_brand&post=5282"},{"taxonomy":"product_cat","embeddable":true,"href":"https:\/\/zonafranka.ec\/index.php?rest_route=%2Fwp%2Fv2%2Fproduct_cat&post=5282"},{"taxonomy":"product_tag","embeddable":true,"href":"https:\/\/zonafranka.ec\/index.php?rest_route=%2Fwp%2Fv2%2Fproduct_tag&post=5282"}],"curies":[{"name":"wp","href":"https:\/\/api.w.org\/{rel}","templated":true}]}}