{"id":5276,"date":"2026-02-06T11:54:50","date_gmt":"2026-02-06T16:54:50","guid":{"rendered":"https:\/\/zonafranka.ec\/?post_type=product&#038;p=5276"},"modified":"2026-02-26T12:53:38","modified_gmt":"2026-02-26T17:53:38","slug":"banera-plegable-honey-2","status":"publish","type":"product","link":"https:\/\/zonafranka.ec\/?product=banera-plegable-honey-2","title":{"rendered":"Ba\u00f1era plegable Honey"},"content":{"rendered":"<p>Ba\u00f1era retr\u00e1ctil con term\u00f3metro Rosada<\/p>\n<p>&nbsp;<\/p>\n<p><strong>C\u00f3digo:<\/strong> TI10LSTRS<\/p>\n","protected":false},"excerpt":{"rendered":"<p>Ba\u00f1era retr\u00e1ctil con term\u00f3metro Rosada &nbsp; C\u00f3digo: TI10LSTRS<\/p>\n","protected":false},"featured_media":5277,"comment_status":"open","ping_status":"closed","template":"","meta":{"_eb_attr":""},"product_brand":[50],"product_cat":[159],"product_tag":[],"class_list":{"0":"post-5276","1":"product","2":"type-product","3":"status-publish","4":"has-post-thumbnail","6":"product_brand-miniland","7":"product_cat-banera","9":"first","10":"outofstock","11":"sold-individually","12":"shipping-taxable","13":"purchasable","14":"product-type-simple"},"_links":{"self":[{"href":"https:\/\/zonafranka.ec\/index.php?rest_route=\/wp\/v2\/product\/5276","targetHints":{"allow":["GET"]}}],"collection":[{"href":"https:\/\/zonafranka.ec\/index.php?rest_route=\/wp\/v2\/product"}],"about":[{"href":"https:\/\/zonafranka.ec\/index.php?rest_route=\/wp\/v2\/types\/product"}],"replies":[{"embeddable":true,"href":"https:\/\/zonafranka.ec\/index.php?rest_route=%2Fwp%2Fv2%2Fcomments&post=5276"}],"wp:featuredmedia":[{"embeddable":true,"href":"https:\/\/zonafranka.ec\/index.php?rest_route=\/wp\/v2\/media\/5277"}],"wp:attachment":[{"href":"https:\/\/zonafranka.ec\/index.php?rest_route=%2Fwp%2Fv2%2Fmedia&parent=5276"}],"wp:term":[{"taxonomy":"product_brand","embeddable":true,"href":"https:\/\/zonafranka.ec\/index.php?rest_route=%2Fwp%2Fv2%2Fproduct_brand&post=5276"},{"taxonomy":"product_cat","embeddable":true,"href":"https:\/\/zonafranka.ec\/index.php?rest_route=%2Fwp%2Fv2%2Fproduct_cat&post=5276"},{"taxonomy":"product_tag","embeddable":true,"href":"https:\/\/zonafranka.ec\/index.php?rest_route=%2Fwp%2Fv2%2Fproduct_tag&post=5276"}],"curies":[{"name":"wp","href":"https:\/\/api.w.org\/{rel}","templated":true}]}}