{"id":5274,"date":"2026-02-06T11:52:51","date_gmt":"2026-02-06T16:52:51","guid":{"rendered":"https:\/\/zonafranka.ec\/?post_type=product&#038;p=5274"},"modified":"2026-02-06T11:54:44","modified_gmt":"2026-02-06T16:54:44","slug":"banera-plegable-honey","status":"publish","type":"product","link":"https:\/\/zonafranka.ec\/?product=banera-plegable-honey","title":{"rendered":"Ba\u00f1era plegable Honey"},"content":{"rendered":"<p>Ba\u00f1era retr\u00e1ctil con term\u00f3metro verde<\/p>\n<p>&nbsp;<\/p>\n<p><strong>C\u00f3digo:<\/strong> TI10LSTVD<\/p>\n","protected":false},"excerpt":{"rendered":"<p>Ba\u00f1era retr\u00e1ctil con term\u00f3metro verde &nbsp; C\u00f3digo: TI10LSTVD<\/p>\n","protected":false},"featured_media":5275,"comment_status":"open","ping_status":"closed","template":"","meta":{"_eb_attr":""},"product_brand":[50],"product_cat":[156,159],"product_tag":[],"class_list":{"0":"post-5274","1":"product","2":"type-product","3":"status-publish","4":"has-post-thumbnail","6":"product_brand-miniland","7":"product_cat-aseo-y-cuidado","8":"product_cat-banera","10":"first","11":"instock","12":"sold-individually","13":"shipping-taxable","14":"purchasable","15":"product-type-simple"},"_links":{"self":[{"href":"https:\/\/zonafranka.ec\/index.php?rest_route=\/wp\/v2\/product\/5274","targetHints":{"allow":["GET"]}}],"collection":[{"href":"https:\/\/zonafranka.ec\/index.php?rest_route=\/wp\/v2\/product"}],"about":[{"href":"https:\/\/zonafranka.ec\/index.php?rest_route=\/wp\/v2\/types\/product"}],"replies":[{"embeddable":true,"href":"https:\/\/zonafranka.ec\/index.php?rest_route=%2Fwp%2Fv2%2Fcomments&post=5274"}],"wp:featuredmedia":[{"embeddable":true,"href":"https:\/\/zonafranka.ec\/index.php?rest_route=\/wp\/v2\/media\/5275"}],"wp:attachment":[{"href":"https:\/\/zonafranka.ec\/index.php?rest_route=%2Fwp%2Fv2%2Fmedia&parent=5274"}],"wp:term":[{"taxonomy":"product_brand","embeddable":true,"href":"https:\/\/zonafranka.ec\/index.php?rest_route=%2Fwp%2Fv2%2Fproduct_brand&post=5274"},{"taxonomy":"product_cat","embeddable":true,"href":"https:\/\/zonafranka.ec\/index.php?rest_route=%2Fwp%2Fv2%2Fproduct_cat&post=5274"},{"taxonomy":"product_tag","embeddable":true,"href":"https:\/\/zonafranka.ec\/index.php?rest_route=%2Fwp%2Fv2%2Fproduct_tag&post=5274"}],"curies":[{"name":"wp","href":"https:\/\/api.w.org\/{rel}","templated":true}]}}