{"id":4495,"date":"2026-01-22T18:23:41","date_gmt":"2026-01-22T23:23:41","guid":{"rendered":"https:\/\/zonafranka.ec\/?post_type=product&#038;p=4495"},"modified":"2026-02-02T17:50:15","modified_gmt":"2026-02-02T22:50:15","slug":"tetina-46","status":"publish","type":"product","link":"https:\/\/zonafranka.ec\/?product=tetina-46","title":{"rendered":"Tetina Fisiol\u00f3gica"},"content":{"rendered":"<p>Tetina de la marca Suavinex.<\/p>\n<ul>\n<li>6+ meses<\/li>\n<li>Anti-c\u00f3licos<\/li>\n<li>Flujo denso<\/li>\n<li>Silic\u00f3n<\/li>\n<\/ul>\n<p>&nbsp;<\/p>\n<p><strong>C\u00f3digo:<\/strong> 8426420072229<\/p>\n","protected":false},"excerpt":{"rendered":"<p>Tetina de la marca Suavinex. 6+ meses Anti-c\u00f3licos Flujo denso Silic\u00f3n &nbsp; C\u00f3digo: 8426420072229<\/p>\n","protected":false},"featured_media":4496,"comment_status":"open","ping_status":"closed","template":"","meta":{"_eb_attr":""},"product_brand":[97],"product_cat":[123],"product_tag":[],"class_list":{"0":"post-4495","1":"product","2":"type-product","3":"status-publish","4":"has-post-thumbnail","6":"product_brand-suavinex","7":"product_cat-tetina","9":"first","10":"instock","11":"sold-individually","12":"shipping-taxable","13":"purchasable","14":"product-type-simple"},"_links":{"self":[{"href":"https:\/\/zonafranka.ec\/index.php?rest_route=\/wp\/v2\/product\/4495","targetHints":{"allow":["GET"]}}],"collection":[{"href":"https:\/\/zonafranka.ec\/index.php?rest_route=\/wp\/v2\/product"}],"about":[{"href":"https:\/\/zonafranka.ec\/index.php?rest_route=\/wp\/v2\/types\/product"}],"replies":[{"embeddable":true,"href":"https:\/\/zonafranka.ec\/index.php?rest_route=%2Fwp%2Fv2%2Fcomments&post=4495"}],"wp:featuredmedia":[{"embeddable":true,"href":"https:\/\/zonafranka.ec\/index.php?rest_route=\/wp\/v2\/media\/4496"}],"wp:attachment":[{"href":"https:\/\/zonafranka.ec\/index.php?rest_route=%2Fwp%2Fv2%2Fmedia&parent=4495"}],"wp:term":[{"taxonomy":"product_brand","embeddable":true,"href":"https:\/\/zonafranka.ec\/index.php?rest_route=%2Fwp%2Fv2%2Fproduct_brand&post=4495"},{"taxonomy":"product_cat","embeddable":true,"href":"https:\/\/zonafranka.ec\/index.php?rest_route=%2Fwp%2Fv2%2Fproduct_cat&post=4495"},{"taxonomy":"product_tag","embeddable":true,"href":"https:\/\/zonafranka.ec\/index.php?rest_route=%2Fwp%2Fv2%2Fproduct_tag&post=4495"}],"curies":[{"name":"wp","href":"https:\/\/api.w.org\/{rel}","templated":true}]}}