{"id":3498,"date":"2026-01-07T18:28:31","date_gmt":"2026-01-07T23:28:31","guid":{"rendered":"https:\/\/zonafranka.ec\/?post_type=product&#038;p=3498"},"modified":"2026-02-04T11:01:15","modified_gmt":"2026-02-04T16:01:15","slug":"coche-clasico-2","status":"publish","type":"product","link":"https:\/\/zonafranka.ec\/?product=coche-clasico-2","title":{"rendered":"Coche Cl\u00e1sico"},"content":{"rendered":"<p>Coche Cl\u00e1sico Especial Beige<\/p>\n<ul>\n<li>Canastilla<\/li>\n<li>Visera expandible<\/li>\n<li>Cintur\u00f3n de seguridad<\/li>\n<li>Mango reversible<\/li>\n<li>Bandeja removible<\/li>\n<\/ul>\n<p>&nbsp;<\/p>\n<p><strong>C\u00f3digo:<\/strong> DM018BBG<\/p>\n","protected":false},"excerpt":{"rendered":"<p>Coche Cl\u00e1sico Especial Beige Canastilla Visera expandible Cintur\u00f3n de seguridad Mango reversible Bandeja removible &nbsp; C\u00f3digo: DM018BBG<\/p>\n","protected":false},"featured_media":3495,"comment_status":"open","ping_status":"closed","template":"","meta":{"_eb_attr":""},"product_brand":[51],"product_cat":[25,23],"product_tag":[],"class_list":{"0":"post-3498","1":"product","2":"type-product","3":"status-publish","4":"has-post-thumbnail","6":"product_brand-daming","7":"product_cat-coche-clasico","8":"product_cat-paseo-bebe","10":"first","11":"instock","12":"sold-individually","13":"shipping-taxable","14":"purchasable","15":"product-type-simple"},"_links":{"self":[{"href":"https:\/\/zonafranka.ec\/index.php?rest_route=\/wp\/v2\/product\/3498","targetHints":{"allow":["GET"]}}],"collection":[{"href":"https:\/\/zonafranka.ec\/index.php?rest_route=\/wp\/v2\/product"}],"about":[{"href":"https:\/\/zonafranka.ec\/index.php?rest_route=\/wp\/v2\/types\/product"}],"replies":[{"embeddable":true,"href":"https:\/\/zonafranka.ec\/index.php?rest_route=%2Fwp%2Fv2%2Fcomments&post=3498"}],"wp:featuredmedia":[{"embeddable":true,"href":"https:\/\/zonafranka.ec\/index.php?rest_route=\/wp\/v2\/media\/3495"}],"wp:attachment":[{"href":"https:\/\/zonafranka.ec\/index.php?rest_route=%2Fwp%2Fv2%2Fmedia&parent=3498"}],"wp:term":[{"taxonomy":"product_brand","embeddable":true,"href":"https:\/\/zonafranka.ec\/index.php?rest_route=%2Fwp%2Fv2%2Fproduct_brand&post=3498"},{"taxonomy":"product_cat","embeddable":true,"href":"https:\/\/zonafranka.ec\/index.php?rest_route=%2Fwp%2Fv2%2Fproduct_cat&post=3498"},{"taxonomy":"product_tag","embeddable":true,"href":"https:\/\/zonafranka.ec\/index.php?rest_route=%2Fwp%2Fv2%2Fproduct_tag&post=3498"}],"curies":[{"name":"wp","href":"https:\/\/api.w.org\/{rel}","templated":true}]}}